{"id":58,"date":"2014-09-03T10:16:23","date_gmt":"2014-09-03T08:16:23","guid":{"rendered":"http:\/\/karisbillnas.fi\/snilleblixten\/?page_id=58"},"modified":"2026-01-14T13:31:05","modified_gmt":"2026-01-14T11:31:05","slug":"gamla-nummer","status":"publish","type":"page","link":"https:\/\/karisbillnas.fi\/snilleblixten\/gamla-nummer\/","title":{"rendered":"Gamla nummer och redaktionerna"},"content":{"rendered":"\n<table style=\"border-collapse: collapse; width: 100.119%; height: 205px;\">\n<tbody>\n<tr>\n<td style=\"width: 42.6278%;\">Redaktionen l\u00e4s\u00e5ret 2025-2026<\/td>\n<td style=\"width: 57.3722%;\"><a href=\"https:\/\/karisbillnas.fi\/snilleblixten\/wp-content\/uploads\/2026\/01\/snille2026.jpg\"><img loading=\"lazy\" decoding=\"async\" class=\"alignnone  wp-image-2859\" src=\"https:\/\/karisbillnas.fi\/snilleblixten\/wp-content\/uploads\/2026\/01\/snille2026-300x225.jpg\" alt=\"\" width=\"316\" height=\"237\" srcset=\"https:\/\/karisbillnas.fi\/snilleblixten\/wp-content\/uploads\/2026\/01\/snille2026-300x225.jpg 300w, https:\/\/karisbillnas.fi\/snilleblixten\/wp-content\/uploads\/2026\/01\/snille2026-1024x768.jpg 1024w, https:\/\/karisbillnas.fi\/snilleblixten\/wp-content\/uploads\/2026\/01\/snille2026-768x576.jpg 768w, https:\/\/karisbillnas.fi\/snilleblixten\/wp-content\/uploads\/2026\/01\/snille2026-1536x1152.jpg 1536w, https:\/\/karisbillnas.fi\/snilleblixten\/wp-content\/uploads\/2026\/01\/snille2026.jpg 2048w\" sizes=\"(max-width: 316px) 100vw, 316px\" \/><\/a><\/td>\n<\/tr>\n<tr style=\"height: 205px;\">\n<td style=\"width: 42.6278%; height: 205px;\">Redaktionen v\u00e5ren 2025<\/td>\n<td style=\"width: 57.3722%; height: 205px;\"><a href=\"https:\/\/karisbillnas.fi\/snilleblixten\/wp-content\/uploads\/2025\/03\/snille25.png\"><img loading=\"lazy\" decoding=\"async\" class=\"wp-image-2567 alignnone\" src=\"https:\/\/karisbillnas.fi\/snilleblixten\/wp-content\/uploads\/2025\/03\/snille25.png\" alt=\"\" width=\"317\" height=\"193\" srcset=\"https:\/\/karisbillnas.fi\/snilleblixten\/wp-content\/uploads\/2025\/03\/snille25.png 1017w, https:\/\/karisbillnas.fi\/snilleblixten\/wp-content\/uploads\/2025\/03\/snille25-300x183.png 300w, https:\/\/karisbillnas.fi\/snilleblixten\/wp-content\/uploads\/2025\/03\/snille25-768x467.png 768w\" sizes=\"(max-width: 317px) 100vw, 317px\" \/><\/a><\/td>\n<\/tr>\n<\/tbody>\n<\/table>\n\n\n<table style=\"width: 100%; height: 224px;\" border=\"0\" cellspacing=\"2\" cellpadding=\"2\">\n<tbody>\n<tr style=\"height: 224px;\">\n<td style=\"width: 42.262%; text-align: left; height: 224px;\">Redaktionen h\u00f6sten 2024<\/td>\n<td style=\"text-align: left; width: 57.619%; height: 224px;\"><a href=\"https:\/\/karisbillnas.fi\/snilleblixten\/wp-content\/uploads\/2024\/09\/snille-host-24.png\"><img loading=\"lazy\" decoding=\"async\" class=\"alignnone  wp-image-2290\" src=\"https:\/\/karisbillnas.fi\/snilleblixten\/wp-content\/uploads\/2024\/09\/snille-host-24.png\" alt=\"\" width=\"321\" height=\"210\" srcset=\"https:\/\/karisbillnas.fi\/snilleblixten\/wp-content\/uploads\/2024\/09\/snille-host-24.png 984w, https:\/\/karisbillnas.fi\/snilleblixten\/wp-content\/uploads\/2024\/09\/snille-host-24-300x196.png 300w, https:\/\/karisbillnas.fi\/snilleblixten\/wp-content\/uploads\/2024\/09\/snille-host-24-768x502.png 768w\" sizes=\"(max-width: 321px) 100vw, 321px\" \/><\/a><\/td>\n<\/tr>\n<\/tbody>\n<\/table>\n<table style=\"border-collapse: collapse;\" border=\"0\" cellspacing=\"2\" cellpadding=\"2\">\n<tbody>\n<tr>\n<td style=\"text-align: left;\">Redaktionen v\u00e5ren 2024<\/td>\n<td style=\"text-align: left;\"><a href=\"https:\/\/karisbillnas.fi\/snilleblixten\/wp-content\/uploads\/2024\/02\/Snilleredaktionen-2024.jpg\"><img loading=\"lazy\" decoding=\"async\" class=\"alignnone wp-image-2219\" src=\"https:\/\/karisbillnas.fi\/snilleblixten\/wp-content\/uploads\/2024\/02\/Snilleredaktionen-2024-1024x698.jpg\" alt=\"\" width=\"322\" height=\"220\" srcset=\"https:\/\/karisbillnas.fi\/snilleblixten\/wp-content\/uploads\/2024\/02\/Snilleredaktionen-2024-1024x698.jpg 1024w, https:\/\/karisbillnas.fi\/snilleblixten\/wp-content\/uploads\/2024\/02\/Snilleredaktionen-2024-300x205.jpg 300w, https:\/\/karisbillnas.fi\/snilleblixten\/wp-content\/uploads\/2024\/02\/Snilleredaktionen-2024-768x524.jpg 768w, https:\/\/karisbillnas.fi\/snilleblixten\/wp-content\/uploads\/2024\/02\/Snilleredaktionen-2024-190x130.jpg 190w, https:\/\/karisbillnas.fi\/snilleblixten\/wp-content\/uploads\/2024\/02\/Snilleredaktionen-2024.jpg 1148w\" sizes=\"(max-width: 322px) 100vw, 322px\" \/><\/a><\/td>\n<\/tr>\n<tr>\n<td style=\"text-align: left;\">Redaktionen h\u00f6sten 2023<\/td>\n<td style=\"text-align: left;\"><a href=\"https:\/\/karisbillnas.fi\/snilleblixten\/wp-content\/uploads\/2024\/01\/snille23-24_webb2.jpg\"><img loading=\"lazy\" decoding=\"async\" class=\"alignleft wp-image-2191\" src=\"https:\/\/karisbillnas.fi\/snilleblixten\/wp-content\/uploads\/2024\/01\/snille23-24_webb2-300x218.jpg\" alt=\"\" width=\"322\" height=\"234\" srcset=\"https:\/\/karisbillnas.fi\/snilleblixten\/wp-content\/uploads\/2024\/01\/snille23-24_webb2-300x218.jpg 300w, https:\/\/karisbillnas.fi\/snilleblixten\/wp-content\/uploads\/2024\/01\/snille23-24_webb2-1024x743.jpg 1024w, https:\/\/karisbillnas.fi\/snilleblixten\/wp-content\/uploads\/2024\/01\/snille23-24_webb2-768x558.jpg 768w, https:\/\/karisbillnas.fi\/snilleblixten\/wp-content\/uploads\/2024\/01\/snille23-24_webb2.jpg 1241w\" sizes=\"(max-width: 322px) 100vw, 322px\" \/><\/a><\/td>\n<\/tr>\n<tr>\n<td style=\"text-align: left;\">Redaktionen v\u00e5ren 2023<\/td>\n<td style=\"text-align: left;\"><a href=\"https:\/\/karisbillnas.fi\/snilleblixten\/wp-content\/uploads\/2023\/05\/20230517_091807-Large.jpg\"><img loading=\"lazy\" decoding=\"async\" class=\"alignleft wp-image-2111\" src=\"https:\/\/karisbillnas.fi\/snilleblixten\/wp-content\/uploads\/2023\/05\/20230517_091807-Large.jpg\" alt=\"\" width=\"322\" height=\"286\" srcset=\"https:\/\/karisbillnas.fi\/snilleblixten\/wp-content\/uploads\/2023\/05\/20230517_091807-Large.jpg 1217w, https:\/\/karisbillnas.fi\/snilleblixten\/wp-content\/uploads\/2023\/05\/20230517_091807-Large-300x266.jpg 300w, https:\/\/karisbillnas.fi\/snilleblixten\/wp-content\/uploads\/2023\/05\/20230517_091807-Large-1024x909.jpg 1024w, https:\/\/karisbillnas.fi\/snilleblixten\/wp-content\/uploads\/2023\/05\/20230517_091807-Large-768x682.jpg 768w\" sizes=\"(max-width: 322px) 100vw, 322px\" \/><\/a><\/td>\n<\/tr>\n<tr>\n<td>Redaktionen h\u00f6sten 2022<\/td>\n<td style=\"text-align: left;\"><a href=\"https:\/\/karisbillnas.fi\/snilleblixten\/gamla-nummer\/snillered_host_22\/\" rel=\"attachment wp-att-1933\"><img loading=\"lazy\" decoding=\"async\" class=\"wp-image-1933 alignleft\" src=\"https:\/\/karisbillnas.fi\/snilleblixten\/wp-content\/uploads\/2022\/09\/Snillered_host_22-1024x718.jpg\" alt=\"\" width=\"322\" height=\"226\" srcset=\"https:\/\/karisbillnas.fi\/snilleblixten\/wp-content\/uploads\/2022\/09\/Snillered_host_22-1024x718.jpg 1024w, https:\/\/karisbillnas.fi\/snilleblixten\/wp-content\/uploads\/2022\/09\/Snillered_host_22-300x210.jpg 300w, https:\/\/karisbillnas.fi\/snilleblixten\/wp-content\/uploads\/2022\/09\/Snillered_host_22-768x539.jpg 768w, https:\/\/karisbillnas.fi\/snilleblixten\/wp-content\/uploads\/2022\/09\/Snillered_host_22-1536x1077.jpg 1536w, https:\/\/karisbillnas.fi\/snilleblixten\/wp-content\/uploads\/2022\/09\/Snillered_host_22-2048x1436.jpg 2048w\" sizes=\"(max-width: 322px) 100vw, 322px\" \/><\/a><\/td>\n<\/tr>\n<tr>\n<td>Redaktionen v\u00e5ren 2022<\/td>\n<td style=\"text-align: left;\"><a href=\"https:\/\/karisbillnas.fi\/snilleblixten\/gamla-nummer\/20220126_141932\/\" rel=\"attachment wp-att-1849\"><img loading=\"lazy\" decoding=\"async\" class=\"wp-image-1849 alignleft\" src=\"https:\/\/karisbillnas.fi\/snilleblixten\/wp-content\/uploads\/2022\/01\/20220126_141932-1024x777.jpg\" alt=\"\" width=\"320\" height=\"243\" srcset=\"https:\/\/karisbillnas.fi\/snilleblixten\/wp-content\/uploads\/2022\/01\/20220126_141932-1024x777.jpg 1024w, https:\/\/karisbillnas.fi\/snilleblixten\/wp-content\/uploads\/2022\/01\/20220126_141932-300x228.jpg 300w, https:\/\/karisbillnas.fi\/snilleblixten\/wp-content\/uploads\/2022\/01\/20220126_141932-768x583.jpg 768w, https:\/\/karisbillnas.fi\/snilleblixten\/wp-content\/uploads\/2022\/01\/20220126_141932-1536x1166.jpg 1536w, https:\/\/karisbillnas.fi\/snilleblixten\/wp-content\/uploads\/2022\/01\/20220126_141932.jpg 1953w\" sizes=\"(max-width: 320px) 100vw, 320px\" \/><\/a><\/td>\n<\/tr>\n<tr>\n<td>Redaktionen h\u00f6sten 2021<\/td>\n<td style=\"text-align: left;\"><a href=\"https:\/\/karisbillnas.fi\/snilleblixten\/gamla-nummer\/snilleredhost2021_web\/\" rel=\"attachment wp-att-1745\"><img loading=\"lazy\" decoding=\"async\" class=\"wp-image-1745 alignleft\" src=\"https:\/\/karisbillnas.fi\/snilleblixten\/wp-content\/uploads\/2021\/09\/Snilleredhost2021_web.jpg\" alt=\"\" width=\"318\" height=\"186\" srcset=\"https:\/\/karisbillnas.fi\/snilleblixten\/wp-content\/uploads\/2021\/09\/Snilleredhost2021_web.jpg 800w, https:\/\/karisbillnas.fi\/snilleblixten\/wp-content\/uploads\/2021\/09\/Snilleredhost2021_web-300x176.jpg 300w, https:\/\/karisbillnas.fi\/snilleblixten\/wp-content\/uploads\/2021\/09\/Snilleredhost2021_web-768x449.jpg 768w, https:\/\/karisbillnas.fi\/snilleblixten\/wp-content\/uploads\/2021\/09\/Snilleredhost2021_web-70x40.jpg 70w\" sizes=\"(max-width: 318px) 100vw, 318px\" \/><\/a><\/td>\n<\/tr>\n<tr>\n<td>Redaktionen v\u00e5ren 2021<\/td>\n<td style=\"text-align: left;\"><a href=\"https:\/\/karisbillnas.fi\/snilleblixten\/gamla-nummer\/2021_var_snillered_web\/\" rel=\"attachment wp-att-1639\"><img loading=\"lazy\" decoding=\"async\" class=\"wp-image-1639 alignleft\" src=\"https:\/\/karisbillnas.fi\/snilleblixten\/wp-content\/uploads\/2014\/09\/2021_var_snillered_web.jpg\" alt=\"\" width=\"318\" height=\"248\" \/><\/a><\/td>\n<\/tr>\n<tr>\n<td>Redaktionen h\u00f6sten 2020<\/td>\n<td style=\"text-align: left;\"><a href=\"https:\/\/karisbillnas.fi\/snilleblixten\/gamla-nummer\/2020_snillered_host_web\/\" rel=\"attachment wp-att-1498\"><img loading=\"lazy\" decoding=\"async\" class=\"wp-image-1498 alignleft\" src=\"https:\/\/karisbillnas.fi\/snilleblixten\/wp-content\/uploads\/2014\/09\/2020_snillered_host_web.jpg\" alt=\"\" width=\"320\" height=\"235\" \/><\/a><\/td>\n<\/tr>\n<tr>\n<td>Redaktionen v\u00e5ren 2020<\/td>\n<td style=\"text-align: left;\"><a href=\"https:\/\/karisbillnas.fi\/snilleblixten\/gamla-nummer\/2020v-snilered_0010_redigerad-1\/\" rel=\"attachment wp-att-1429\"><img loading=\"lazy\" decoding=\"async\" class=\"wp-image-1429 alignleft\" src=\"https:\/\/karisbillnas.fi\/snilleblixten\/wp-content\/uploads\/2014\/09\/2020v-snilered_0010_redigerad-1-1024x772.jpg\" alt=\"\" width=\"319\" height=\"243\" \/><\/a><\/td>\n<\/tr>\n<tr>\n<td>Redaktionen h\u00f6sten 2019<\/td>\n<td style=\"text-align: left;\"><a href=\"https:\/\/karisbillnas.fi\/snilleblixten\/gamla-nummer\/red_host_2019_0017_redigerad-1_web\/\" rel=\"attachment wp-att-1293\"><img loading=\"lazy\" decoding=\"async\" class=\"wp-image-1293 alignleft\" src=\"https:\/\/karisbillnas.fi\/snilleblixten\/wp-content\/uploads\/2014\/09\/Red_host_2019_0017_redigerad-1_web.jpg\" alt=\"\" width=\"313\" height=\"267\" srcset=\"https:\/\/karisbillnas.fi\/snilleblixten\/wp-content\/uploads\/2014\/09\/Red_host_2019_0017_redigerad-1_web.jpg 1000w, https:\/\/karisbillnas.fi\/snilleblixten\/wp-content\/uploads\/2014\/09\/Red_host_2019_0017_redigerad-1_web-300x255.jpg 300w, https:\/\/karisbillnas.fi\/snilleblixten\/wp-content\/uploads\/2014\/09\/Red_host_2019_0017_redigerad-1_web-768x652.jpg 768w\" sizes=\"(max-width: 313px) 100vw, 313px\" \/><\/a><\/td>\n<\/tr>\n<tr>\n<td>Redaktionen v\u00e5ren 2019<\/td>\n<td style=\"text-align: left;\"><a href=\"https:\/\/karisbillnas.fi\/snilleblixten\/gamla-nummer\/2019_snillered_var_0012_redigerad-1-jpg_web\/\" rel=\"attachment wp-att-1194\"><img loading=\"lazy\" decoding=\"async\" class=\"wp-image-1194 alignleft\" src=\"https:\/\/karisbillnas.fi\/snilleblixten\/wp-content\/uploads\/2014\/09\/2019_snillered_var_0012_redigerad-1.jpg_web.jpg\" alt=\"\" width=\"316\" height=\"163\" \/><\/a><\/td>\n<\/tr>\n<tr>\n<td>Redaktionen h\u00f6sten 2018<\/td>\n<td style=\"text-align: left;\"><a href=\"https:\/\/karisbillnas.fi\/snilleblixten\/gamla-nummer\/snillered-host-18\/\" rel=\"attachment wp-att-1138\"><img loading=\"lazy\" decoding=\"async\" class=\"wp-image-1138 alignleft\" src=\"https:\/\/karisbillnas.fi\/snilleblixten\/wp-content\/uploads\/2014\/09\/Snillered-host-18-1024x764.jpg\" alt=\"\" width=\"307\" height=\"231\" \/><\/a><\/td>\n<\/tr>\n<tr>\n<td>Redaktionen h\u00f6sten 2017<\/td>\n<td style=\"text-align: left;\"><a href=\"https:\/\/karisbillnas.fi\/snilleblixten\/gamla-nummer\/2017_host_red_web\/\" rel=\"attachment wp-att-868\"><img loading=\"lazy\" decoding=\"async\" class=\"wp-image-868 alignleft\" src=\"https:\/\/karisbillnas.fi\/snilleblixten\/wp-content\/uploads\/2014\/09\/2017_host_red_web.jpg\" alt=\"\" width=\"310\" height=\"227\" \/><\/a><\/td>\n<\/tr>\n<tr>\n<td>Redaktionen v\u00e5ren 2017<\/td>\n<td style=\"text-align: left;\"><a href=\"https:\/\/karisbillnas.fi\/snilleblixten\/gamla-nummer\/wp_20170503_11_14_32_pro\/\" rel=\"attachment wp-att-829\"><img loading=\"lazy\" decoding=\"async\" class=\"wp-image-829 alignleft\" src=\"https:\/\/karisbillnas.fi\/snilleblixten\/wp-content\/uploads\/2014\/09\/WP_20170503_11_14_32_Pro-1024x863.jpg\" alt=\"\" width=\"313\" height=\"265\" srcset=\"https:\/\/karisbillnas.fi\/snilleblixten\/wp-content\/uploads\/2014\/09\/WP_20170503_11_14_32_Pro-1024x863.jpg 1024w, https:\/\/karisbillnas.fi\/snilleblixten\/wp-content\/uploads\/2014\/09\/WP_20170503_11_14_32_Pro-300x253.jpg 300w, https:\/\/karisbillnas.fi\/snilleblixten\/wp-content\/uploads\/2014\/09\/WP_20170503_11_14_32_Pro-768x647.jpg 768w, https:\/\/karisbillnas.fi\/snilleblixten\/wp-content\/uploads\/2014\/09\/WP_20170503_11_14_32_Pro.jpg 1994w\" sizes=\"(max-width: 313px) 100vw, 313px\" \/><\/a><\/td>\n<\/tr>\n<tr>\n<td>\n<pre><a href=\"https:\/\/karisbillnas.fi\/snilleblixten\/wp-content\/uploads\/2014\/09\/Snille-H-2016.pdf\">H\u00f6stens nummer 2016<\/a><\/pre>\n<\/td>\n<td style=\"text-align: left;\">\n<pre><a href=\"https:\/\/karisbillnas.fi\/snilleblixten\/wp-content\/uploads\/2014\/09\/2016_host_snillered_-webb.jpg\">Redaktionen h\u00f6sten 2016<\/a><\/pre>\n<\/td>\n<\/tr>\n<tr>\n<td>\n<pre><a href=\"https:\/\/karisbillnas.fi\/snilleblixten\/wp-content\/uploads\/2014\/09\/Snille-varen-2016.pdf\">V\u00e5rens nummer 2016<\/a><\/pre>\n<\/td>\n<td style=\"text-align: left;\">\n<pre><a href=\"https:\/\/karisbillnas.fi\/snilleblixten\/wp-content\/uploads\/2014\/09\/2016_snille_var_0022_redigerad-1.jpg\">Redaktionen v\u00e5ren 2016<\/a><\/pre>\n<\/td>\n<\/tr>\n<tr>\n<td>\n<pre><a href=\"https:\/\/karisbillnas.fi\/snilleblixten\/wp-content\/uploads\/2014\/09\/snille-host-15-web.pdf\">H\u00f6stens nummer 2015<\/a><\/pre>\n<\/td>\n<td>\n<pre><a href=\"https:\/\/karisbillnas.fi\/snilleblixten\/wp-content\/uploads\/2014\/09\/2015_snillered_host_0036_redigerad-2.jpg\">Redaktionen h\u00f6sten 2015<\/a><\/pre>\n<\/td>\n<\/tr>\n<tr>\n<td>\n<pre><a href=\"http:\/\/karisbillnas.fi\/wp-content\/uploads\/2015\/01\/Snille-var-2015.pdf\" target=\"_blank\" rel=\"noopener noreferrer\">V\u00e5rens nummer 2015<\/a><\/pre>\n<\/td>\n<td>\n<pre><a href=\"https:\/\/karisbillnas.fi\/snilleblixten\/wp-content\/uploads\/2014\/09\/snilleredaktion_var-2015.jpg\">Redaktionen v\u00e5ren 2015<\/a><\/pre>\n<\/td>\n<\/tr>\n<tr>\n<td>\n<pre><a href=\"http:\/\/karisbillnas.fi\/wp-content\/uploads\/2015\/01\/Snille_host_2014.pdf\">H\u00f6stens nummer 2014<\/a><\/pre>\n<\/td>\n<td>\n<pre><a href=\"https:\/\/karisbillnas.fi\/snilleblixten\/wp-content\/uploads\/2014\/09\/snillered_host_2014_web.jpg\">Redaktionen h\u00f6sten 2014<\/a><\/pre>\n<\/td>\n<\/tr>\n<tr>\n<td>\n<pre><a href=\"http:\/\/karisbillnas.fi\/snille\/Snille_var_14_web.pdf\"><small>V\u00e5rens nummer av Snilleblixten 2014<\/small><\/a><\/pre>\n<\/td>\n<td>\n<pre><small><a href=\"http:\/\/karisbillnas.fi\/snille\/2014_snille_var_web.jpg\" target=\"_blank\" rel=\"noopener noreferrer\">Redaktionen v\u00e5ren 2014<\/a><\/small><\/pre>\n<\/td>\n<\/tr>\n<tr>\n<td>\n<pre><a href=\"http:\/\/karisbillnas.fi\/snille\/Snille_hosten_2013.pdf\"><small>H\u00f6stens nummer av Snilleblixten 2013<\/small><\/a><\/pre>\n<\/td>\n<td>\n<pre><a href=\"http:\/\/karisbillnas.fi\/snille\/Redaktionenh_13.html\"><small>Redaktionen h\u00f6sten 2013<\/small><\/a><\/pre>\n<\/td>\n<\/tr>\n<tr>\n<td>\n<pre><a href=\"http:\/\/karisbillnas.fi\/snille\/Snillewebb_var_2013.pdf\"><small>V\u00e5rens nummer av Snilleblixten 2013<\/small><\/a><\/pre>\n<\/td>\n<td>\n<pre><a href=\"http:\/\/karisbillnas.fi\/snille\/Redaktionenv_13.html\"><small>Redaktionen v\u00e5ren 2013<\/small><\/a><\/pre>\n<\/td>\n<\/tr>\n<tr>\n<td>\n<pre><a href=\"http:\/\/karisbillnas.fi\/snille\/Snille_host_2012.pdf\"><small>H\u00f6stens nummer av Snilleblixten 2012<\/small><\/a><\/pre>\n<\/td>\n<td>\n<pre><a href=\"http:\/\/karisbillnas.fi\/snille\/Redaktionenh_12.html\"><small>Redaktionen h\u00f6sten 2012<\/small><\/a><\/pre>\n<\/td>\n<\/tr>\n<tr>\n<td>\n<pre><a href=\"http:\/\/karisbillnas.fi\/snille\/snille_var_2012_web.pdf\"><small>V\u00e5rens nummer av Snilleblixten 2012<\/small><\/a><\/pre>\n<\/td>\n<td>\n<pre><a href=\"http:\/\/karisbillnas.fi\/snille\/Redaktionenv_12.html\"><small>Redaktionen v\u00e5ren 2012<\/small><\/a><\/pre>\n<\/td>\n<\/tr>\n<tr>\n<td>\n<pre><a href=\"http:\/\/karisbillnas.fi\/snille\/snille_hosten_2011.pdf\" target=\"_blank\" rel=\"noopener noreferrer\"><small>H\u00f6stens nummer av Snilleblixten 2011<\/small><\/a><\/pre>\n<\/td>\n<td>\n<pre><a href=\"http:\/\/karisbillnas.fi\/snille\/Redaktionenh_11.html\"><small>Redaktionen h\u00f6sten 2011<\/small><\/a><\/pre>\n<\/td>\n<\/tr>\n<tr>\n<td>\n<pre><a href=\"http:\/\/karisbillnas.fi\/snille\/Snilleblixten_var_2011.pdf\"><small>V\u00e5rens nummer av Snilleblixten 2011<\/small><\/a><\/pre>\n<\/td>\n<td>\n<pre><a href=\"http:\/\/karisbillnas.fi\/snille\/Redaktionenv_11.html\"><small>Redaktionen v\u00e5ren 2011<br \/><\/small><\/a><\/pre>\n<\/td>\n<\/tr>\n<tr>\n<td>\n<pre><a href=\"http:\/\/karisbillnas.fi\/snille\/Snilleblixten_hosten2010.pdf\"><small>H\u00f6stens nummer av Snilleblixten 2010<\/small><\/a><\/pre>\n<\/td>\n<td>\n<pre><a href=\"http:\/\/karisbillnas.fi\/snille\/Redaktionenh10.html\"><small>Redaktionen h\u00f6sten 2010<\/small><\/a><\/pre>\n<\/td>\n<\/tr>\n<tr>\n<td>\n<pre><a href=\"http:\/\/karisbillnas.fi\/snille\/Snilleblixten_varen2010.pdf\" target=\"_blank\" rel=\"noopener noreferrer\"><small>V\u00e5rens nummer av Snilleblixten 2010<\/small><\/a><\/pre>\n<\/td>\n<td>\n<pre><a href=\"http:\/\/karisbillnas.fi\/snille\/Redaktionenv10.html\"><small>Redaktionen v\u00e5ren 2010<\/small><\/a><\/pre>\n<\/td>\n<\/tr>\n<tr>\n<td>\n<pre><a href=\"http:\/\/karisbillnas.fi\/snille\/snille_hosten_2009.pdf\" target=\"_blank\" rel=\"noopener noreferrer\"><small>H\u00f6stens nummer av Snilleblixten 2009<\/small><\/a><\/pre>\n<\/td>\n<td>\n<pre><a href=\"http:\/\/karisbillnas.fi\/snille\/Redaktionenh09.html\"><small>Redaktion h\u00f6sten 2009<\/small><\/a><\/pre>\n<\/td>\n<\/tr>\n<tr>\n<td>\n<pre><a href=\"http:\/\/karisbillnas.fi\/snille\/Snilleblixten_%20hosten_2008.pdf\" target=\"_blank\" rel=\"noopener noreferrer\"><small>H\u00f6stens nummer av Snilleblixten 2008<\/small><\/a><\/pre>\n<\/td>\n<td>\n<pre><a href=\"http:\/\/karisbillnas.fi\/snille\/Redaktionenh08.html\"><small>Redaktionen h\u00f6sten 2008<\/small><\/a><\/pre>\n<\/td>\n<\/tr>\n<tr>\n<td>\n<pre><a href=\"http:\/\/karisbillnas.fi\/snille\/snille_varen_2008.pdf\" target=\"_blank\" rel=\"noopener noreferrer\"><small>V\u00e5rens nummer av Snilleblixten 2008<\/small><\/a><\/pre>\n<\/td>\n<td>\n<pre><a href=\"http:\/\/karisbillnas.fi\/snille\/Redaktionenv08.html\"><small>Redaktionen v\u00e5ren 2008<\/small><\/a><big><\/big><\/pre>\n<\/td>\n<\/tr>\n<tr>\n<td>\n<pre><a href=\"http:\/\/karisbillnas.fi\/snille\/snille_hosten_2007.pdf\"><small>H\u00f6stens nummer av Snilleblixten 2007<\/small><\/a><\/pre>\n<\/td>\n<td>\n<pre><a href=\"http:\/\/karisbillnas.fi\/snille\/Redaktionenh07.html\"><small>Redaktionen h\u00f6sten 2007<\/small><\/a><\/pre>\n<\/td>\n<\/tr>\n<tr>\n<td>\n<pre><a href=\"http:\/\/karisbillnas.fi\/snille\/snille_var_2007_web.pdf\" target=\"_blank\" rel=\"noopener noreferrer\"><small>V\u00e5rens nummer av Snilleblixten 2007<\/small><\/a><\/pre>\n<\/td>\n<td>\n<pre><a href=\"http:\/\/karisbillnas.fi\/snille\/Redaktionenv07.html\"><small>Redaktionen v\u00e5ren 2007<\/small><\/a><\/pre>\n<\/td>\n<\/tr>\n<tr>\n<td>\n<pre><small><a href=\"http:\/\/karisbillnas.fi\/snille\/Snilleh06.pdf\" target=\"_blank\" rel=\"noopener noreferrer\">H\u00f6stens nummer av Snilleblixten 2006<\/a><\/small><\/pre>\n<\/td>\n<td>\n<pre><a href=\"http:\/\/karisbillnas.fi\/snille\/Redaktionenh06.html\"><small>Redaktionen h\u00f6sten 2006<\/small><\/a><\/pre>\n<\/td>\n<\/tr>\n<tr>\n<td>\n<pre><small><a href=\"http:\/\/karisbillnas.fi\/snille\/Snillev06_web.pdf\" target=\"_blank\" rel=\"noopener noreferrer\">V\u00e5rens nummer av Snilleblixten 2006<\/a><\/small><\/pre>\n<\/td>\n<td>\n<pre><a href=\"http:\/\/karisbillnas.fi\/snille\/Redaktionenv06.html\"><small>Redaktionen v\u00e5ren 2006<\/small><\/a><\/pre>\n<\/td>\n<\/tr>\n<tr>\n<td>\n<pre><small><a href=\"http:\/\/karisbillnas.fi\/snille\/Snilleh05webb.pdf\" target=\"_blank\" rel=\"noopener noreferrer\">H\u00f6stens nummer av Snilleblixten 2005<\/a><\/small><\/pre>\n<\/td>\n<td>\n<pre><small><a href=\"https:\/\/karisbillnas.fi\/snilleblixten\/wp-content\/uploads\/2022\/10\/Hstredaktion-2005.jpg\">Redaktionen h\u00f6sten 2005<\/a><\/small><\/pre>\n<\/td>\n<\/tr>\n<tr>\n<td>\n<pre><small><a href=\"https:\/\/karisbillnas.fi\/snilleblixten\/wp-content\/uploads\/2024\/01\/2005-varen-Snilleblixten.pdf\">V\u00e5rens nummer av Snilleblixten 2005<\/a><\/small><\/pre>\n<\/td>\n<td>\n<pre><a href=\"https:\/\/karisbillnas.fi\/snilleblixten\/wp-content\/uploads\/2024\/01\/20240108_143440.jpg\"><small>Redaktionen v\u00e5ren 2005<\/small><\/a><\/pre>\n<\/td>\n<\/tr>\n<tr>\n<td>\n<pre><a href=\"http:\/\/karisbillnas.fi\/snille\/Snilleblixten%20h%2004.pdf\" target=\"_blank\" rel=\"noopener noreferrer\"><small>H\u00f6stens nummer av Snilleblixten 2004<\/small><small style=\"font-weight: bold;\"><br \/><\/small><\/a><\/pre>\n<\/td>\n<td>\n<pre><a href=\"https:\/\/karisbillnas.fi\/snilleblixten\/wp-content\/uploads\/2022\/10\/Snilleg%E2%80%9Eng-h-2004.jpg\"><small>Redaktionen h\u00f6sten 2004<\/small><\/a><\/pre>\n<\/td>\n<\/tr>\n<\/tbody>\n<\/table>\n<p style=\"text-align: left;\">\u00a0<\/p>\n\n\n\n","protected":false},"excerpt":{"rendered":"<p>Redaktionen l\u00e4s\u00e5ret 2025-2026 Redaktionen v\u00e5ren 2025 Redaktionen h\u00f6sten 2024 Redaktionen v\u00e5ren 2024 Redaktionen h\u00f6sten 2023 Redaktionen v\u00e5ren 2023 Redaktionen h\u00f6sten 2022 Redaktionen v\u00e5ren 2022 Redaktionen h\u00f6sten 2021 Redaktionen v\u00e5ren 2021&#8230;<\/p>\n","protected":false},"author":1,"featured_media":0,"parent":0,"menu_order":0,"comment_status":"closed","ping_status":"closed","template":"","meta":{"footnotes":""},"_links":{"self":[{"href":"https:\/\/karisbillnas.fi\/snilleblixten\/wp-json\/wp\/v2\/pages\/58"}],"collection":[{"href":"https:\/\/karisbillnas.fi\/snilleblixten\/wp-json\/wp\/v2\/pages"}],"about":[{"href":"https:\/\/karisbillnas.fi\/snilleblixten\/wp-json\/wp\/v2\/types\/page"}],"author":[{"embeddable":true,"href":"https:\/\/karisbillnas.fi\/snilleblixten\/wp-json\/wp\/v2\/users\/1"}],"replies":[{"embeddable":true,"href":"https:\/\/karisbillnas.fi\/snilleblixten\/wp-json\/wp\/v2\/comments?post=58"}],"version-history":[{"count":56,"href":"https:\/\/karisbillnas.fi\/snilleblixten\/wp-json\/wp\/v2\/pages\/58\/revisions"}],"predecessor-version":[{"id":2861,"href":"https:\/\/karisbillnas.fi\/snilleblixten\/wp-json\/wp\/v2\/pages\/58\/revisions\/2861"}],"wp:attachment":[{"href":"https:\/\/karisbillnas.fi\/snilleblixten\/wp-json\/wp\/v2\/media?parent=58"}],"curies":[{"name":"wp","href":"https:\/\/api.w.org\/{rel}","templated":true}]}}