{"id":53,"date":"2014-09-03T10:10:19","date_gmt":"2014-09-03T08:10:19","guid":{"rendered":"http:\/\/karisbillnas.fi\/snilleblixten\/?page_id=53"},"modified":"2026-01-14T13:18:54","modified_gmt":"2026-01-14T11:18:54","slug":"om-snilleblixten","status":"publish","type":"page","link":"https:\/\/karisbillnas.fi\/snilleblixten\/om-snilleblixten\/","title":{"rendered":"Om Snilleblixten"},"content":{"rendered":"<p><span style=\"font-size: revert; color: initial;\">Karis-Billn\u00e4s samskola kunde under l\u00e5nga tider stoltsera med en skoltidning kallad Snilleblixten. Den utkom mer eller mindre regelbundet p\u00e5 1940, -50 och -60-talen. Den kalvade \u00e4ven av sig en tradition med en Abi-tidning &#8211; en tradition som lever kvar vid v\u00e5r skola. <\/span><span style=\"color: #000000;\">Nu utkommer Snilleblixten igen. Detta sker i form av kurser i samarbete mellan modersm\u00e5l och samh\u00e4llsl\u00e4ra. Som handledande l\u00e4rare fungerar Eva Westerlund-J\u00e4ntti och Jimmy Holmberg.<\/span><br style=\"color: #000000;\" \/><br style=\"color: #000000;\" \/><span style=\"color: #000000;\">Projektet startade h\u00f6sten 2004 och sedan har vi gett ut tv\u00e5 nummer per l\u00e4s\u00e5r. Projektet har blivit en naturlig del av mediefostran vid v\u00e5r skola.<\/span><br style=\"color: #000000;\" \/><br style=\"color: #000000;\" \/><span style=\"color: #000000;\">I kurserna ing\u00e5r \u00e4ven annat \u00e4n att producera en skoltidning. Vi f\u00f6rs\u00f6ker stifta bekantskap med mediev\u00e4rlden p\u00e5 olika s\u00e4tt bl.a. genom att bes\u00f6ka olika redaktioner, tr\u00e4ffa journalister och fotografer.<\/span><\/p>\n<p>H\u00f6sten 2014 tog Snille steget ut i den digitala v\u00e4rlden.<\/p>\n<p><em>En del av redaktionen l\u00e4s\u00e5ret 2025-2026<\/em><\/p>\n<p><a href=\"https:\/\/karisbillnas.fi\/snilleblixten\/wp-content\/uploads\/2026\/01\/snille2026.jpg\"><img loading=\"lazy\" decoding=\"async\" class=\"alignnone size-large wp-image-2859\" src=\"https:\/\/karisbillnas.fi\/snilleblixten\/wp-content\/uploads\/2026\/01\/snille2026-1024x768.jpg\" alt=\"\" width=\"1024\" height=\"768\" srcset=\"https:\/\/karisbillnas.fi\/snilleblixten\/wp-content\/uploads\/2026\/01\/snille2026-1024x768.jpg 1024w, https:\/\/karisbillnas.fi\/snilleblixten\/wp-content\/uploads\/2026\/01\/snille2026-300x225.jpg 300w, https:\/\/karisbillnas.fi\/snilleblixten\/wp-content\/uploads\/2026\/01\/snille2026-768x576.jpg 768w, https:\/\/karisbillnas.fi\/snilleblixten\/wp-content\/uploads\/2026\/01\/snille2026-1536x1152.jpg 1536w, https:\/\/karisbillnas.fi\/snilleblixten\/wp-content\/uploads\/2026\/01\/snille2026.jpg 2048w\" sizes=\"(max-width: 1024px) 100vw, 1024px\" \/><\/a><\/p>\n","protected":false},"excerpt":{"rendered":"<p>Karis-Billn\u00e4s samskola kunde under l\u00e5nga tider stoltsera med en skoltidning kallad Snilleblixten. Den utkom mer eller mindre regelbundet p\u00e5 1940, -50 och -60-talen. Den kalvade \u00e4ven av sig en tradition&#8230;<\/p>\n","protected":false},"author":1,"featured_media":0,"parent":0,"menu_order":0,"comment_status":"closed","ping_status":"closed","template":"","meta":{"footnotes":""},"_links":{"self":[{"href":"https:\/\/karisbillnas.fi\/snilleblixten\/wp-json\/wp\/v2\/pages\/53"}],"collection":[{"href":"https:\/\/karisbillnas.fi\/snilleblixten\/wp-json\/wp\/v2\/pages"}],"about":[{"href":"https:\/\/karisbillnas.fi\/snilleblixten\/wp-json\/wp\/v2\/types\/page"}],"author":[{"embeddable":true,"href":"https:\/\/karisbillnas.fi\/snilleblixten\/wp-json\/wp\/v2\/users\/1"}],"replies":[{"embeddable":true,"href":"https:\/\/karisbillnas.fi\/snilleblixten\/wp-json\/wp\/v2\/comments?post=53"}],"version-history":[{"count":16,"href":"https:\/\/karisbillnas.fi\/snilleblixten\/wp-json\/wp\/v2\/pages\/53\/revisions"}],"predecessor-version":[{"id":2860,"href":"https:\/\/karisbillnas.fi\/snilleblixten\/wp-json\/wp\/v2\/pages\/53\/revisions\/2860"}],"wp:attachment":[{"href":"https:\/\/karisbillnas.fi\/snilleblixten\/wp-json\/wp\/v2\/media?parent=53"}],"curies":[{"name":"wp","href":"https:\/\/api.w.org\/{rel}","templated":true}]}}