{"id":1861,"date":"2022-03-18T10:15:40","date_gmt":"2022-03-18T08:15:40","guid":{"rendered":"https:\/\/karisbillnas.fi\/snilleblixten\/?page_id=1861"},"modified":"2025-03-05T11:45:51","modified_gmt":"2025-03-05T09:45:51","slug":"snillepodden","status":"publish","type":"page","link":"https:\/\/karisbillnas.fi\/snilleblixten\/snillepodden\/","title":{"rendered":"Snillepodden"},"content":{"rendered":"\n<p>Ett g\u00e4ng ivriga studerande vid KBG spelade in ett flertal poddavsnitt \u00e5ren 2022-2023. I podden behandlas olika teman som \u00e4r aktuella f\u00f6r dagens ungdomar.\u00a0<\/p>\n<p>L\u00e4s mer h\u00e4r: <a href=\"https:\/\/karisbillnas.fi\/2022\/03\/24\/snillepodden-ar-ett-rastutrymme-for-alla\/\">Snillepodden \u00e4r ett rastutrymme f\u00f6r alla<\/a><\/p>\n<p>Podden finns p\u00e5 <a href=\"https:\/\/open.spotify.com\/show\/2ddITEbOVzxZGyUo60G27J?si=d46d8803d82f492d&amp;fbclid=IwAR2UN5wzpsdrtAP7x1c7tie0BejWL34CjkkYZiqLSZMoJaLl1WUi2n3Pbag&amp;nd=1\">Spotify<\/a><\/p>\n<p><a href=\"https:\/\/open.spotify.com\/show\/2ddITEbOVzxZGyUo60G27J?si=d46d8803d82f492d&amp;fbclid=IwAR2UN5wzpsdrtAP7x1c7tie0BejWL34CjkkYZiqLSZMoJaLl1WUi2n3Pbag&amp;nd=1\"><img loading=\"lazy\" decoding=\"async\" class=\"alignnone wp-image-1886 size-full\" src=\"https:\/\/karisbillnas.fi\/snilleblixten\/wp-content\/uploads\/2022\/03\/Snillepodden-logo2.png\" alt=\"\" width=\"509\" height=\"265\" srcset=\"https:\/\/karisbillnas.fi\/snilleblixten\/wp-content\/uploads\/2022\/03\/Snillepodden-logo2.png 509w, https:\/\/karisbillnas.fi\/snilleblixten\/wp-content\/uploads\/2022\/03\/Snillepodden-logo2-300x156.png 300w\" sizes=\"(max-width: 509px) 100vw, 509px\" \/><\/a><\/p>\n","protected":false},"excerpt":{"rendered":"<p>Ett g\u00e4ng ivriga studerande vid KBG spelade in ett flertal poddavsnitt \u00e5ren 2022-2023. I podden behandlas olika teman som \u00e4r aktuella f\u00f6r dagens ungdomar.\u00a0 L\u00e4s mer h\u00e4r: Snillepodden \u00e4r ett&#8230;<\/p>\n","protected":false},"author":5,"featured_media":0,"parent":0,"menu_order":0,"comment_status":"closed","ping_status":"closed","template":"","meta":{"footnotes":""},"_links":{"self":[{"href":"https:\/\/karisbillnas.fi\/snilleblixten\/wp-json\/wp\/v2\/pages\/1861"}],"collection":[{"href":"https:\/\/karisbillnas.fi\/snilleblixten\/wp-json\/wp\/v2\/pages"}],"about":[{"href":"https:\/\/karisbillnas.fi\/snilleblixten\/wp-json\/wp\/v2\/types\/page"}],"author":[{"embeddable":true,"href":"https:\/\/karisbillnas.fi\/snilleblixten\/wp-json\/wp\/v2\/users\/5"}],"replies":[{"embeddable":true,"href":"https:\/\/karisbillnas.fi\/snilleblixten\/wp-json\/wp\/v2\/comments?post=1861"}],"version-history":[{"count":12,"href":"https:\/\/karisbillnas.fi\/snilleblixten\/wp-json\/wp\/v2\/pages\/1861\/revisions"}],"predecessor-version":[{"id":2563,"href":"https:\/\/karisbillnas.fi\/snilleblixten\/wp-json\/wp\/v2\/pages\/1861\/revisions\/2563"}],"wp:attachment":[{"href":"https:\/\/karisbillnas.fi\/snilleblixten\/wp-json\/wp\/v2\/media?parent=1861"}],"curies":[{"name":"wp","href":"https:\/\/api.w.org\/{rel}","templated":true}]}}